{"id":695,"date":"2018-05-24T11:19:50","date_gmt":"2018-05-24T09:19:50","guid":{"rendered":"http:\/\/www.ebus-cluster.de\/?page_id=695"},"modified":"2021-03-30T19:00:58","modified_gmt":"2021-03-30T17:00:58","slug":"datenschutz","status":"publish","type":"page","link":"https:\/\/www.ebus-cluster.de\/en\/datenschutz\/","title":{"rendered":"Privacy Policy"},"content":{"rendered":"\t\t<div data-elementor-type=\"wp-page\" data-elementor-id=\"695\" class=\"elementor elementor-695\">\n\t\t\t\t\t\t<section class=\"elementor-section elementor-top-section elementor-element elementor-element-5c721076 elementor-section-boxed elementor-section-height-default elementor-section-height-default\" data-id=\"5c721076\" data-element_type=\"section\" data-e-type=\"section\">\n\t\t\t\t\t\t<div class=\"elementor-container elementor-column-gap-default\">\n\t\t\t\t\t<div class=\"elementor-column elementor-col-100 elementor-top-column elementor-element elementor-element-578908b1\" data-id=\"578908b1\" data-element_type=\"column\" data-e-type=\"column\">\n\t\t\t<div class=\"elementor-widget-wrap elementor-element-populated\">\n\t\t\t\t\t\t<div class=\"elementor-element elementor-element-3b78b9a0 elementor-widget elementor-widget-text-editor\" data-id=\"3b78b9a0\" data-element_type=\"widget\" data-e-type=\"widget\" data-widget_type=\"text-editor.default\">\n\t\t\t\t<div class=\"elementor-widget-container\">\n\t\t\t\t\t\t\t\t\t<h1><\/h1><h1><span style=\"color: #333399;\"><strong>Privacy Statement for Website www.ebus-cluster.com<\/strong><\/span><\/h1><p>WSCON GmbH &amp; Co. KG is pleased about your visit on our Web pages. The protection of your personal data is an important concern for us and we kindly ask you to consider the following information:\u00a0Responsible party according to DSGVO:<\/p><p>Stefan Wetzstein<br \/>Alte Reichsstra\u00dfe 2<br \/>D-86356 Neus\u00e4\u00df<\/p><p>Email: <a href=\"mailto:info@wscon.de\">info@wscon.de<\/a><\/p><h3><span style=\"color: #333399;\">1. Scope of application<\/span><\/h3><p>This privacy policy statement has the objective to inform the users of our website according to Federal Data Protection Act (BDSG) and German Telemedia Act (TMG) on kind, scope and reason for data collection and usage of personal data by website provider WSCON GmbH &amp; Co. KG. The website owner takes the security of your personal information seriously and treats user data confidentially and corresponding to legal regulations.<\/p><p>Please be aware that there may be security risks when data are transmitted in the internet. Full protection from unathorised third-party access can not be realized.<\/p><h3><span style=\"color: #333399;\">2. Access Data<\/span><\/h3><p>The owner of the website e.g. the provider of the site collects data about access to the site and stores the used IP-address as \u201cServer-Logfiles.\u201d The collected data are only used for statistical purposes and in order to improve the website. The website owner reserves the right to check the Server-Logfiles afterwards , when there is a concrete suspicion of illegal use.<\/p><h3><span style=\"color: #333399;\">3. Cookies<\/span><\/h3><p>On our website so-called cookies are used. These are data packs, which are exchanged between the server of the webpage and the bowser of the visitor. These are stored by the equipment (PC, notebook computer, Tablet, Smartphone etc.) used at the visit of the web page. In this respect, cookies cannot cause any damages on the used equipment. Particularly they not contain any viruses or other harming software. Especially information that arise in combination with the specific device used are put down in the cookies. Under no circumstances the company can identify the visitor of the web page. Use of cookies serves to design the use of the web supply more comfortable. So for expaple with with session cookies, it can be comprehended, whether the visitor has already visited single sides of the web page. After leaving the web page these session cookies are deleted automatically<\/p><h3><span style=\"color: #333399;\">4. Processing of personal data<\/span><\/h3><p>The website operator imposes, uses or passes on your personal data only, if this is permitted in the legal frame or you consent to the data collection. All information which serve to determine your person and which can be traced back to you is regarded as personal data &#8211; for example your name, your electronic mail address and phone number.<\/p><h3><span style=\"color: #333399;\">5. Data minimization<\/span><\/h3><p>Personal data we store according the principle of data avoidance and data minimization and only for the the necessary time or stipulated by the legislator (legal storage period). In case the purpose of storage ceases or the legal storage period ends, the data are deleted or locked.<\/p><h3><span style=\"color: #333399;\">6. Your rights on information, correction, lock, deletion and contradiction<\/span><\/h3><p>You have the right to request information on your personal data saved with us and\/or to require a correction, inhibition or require deletion free of charge. Exceptions: It is specified data storage to business processing, or the data are subject to the legal storage duty.<\/p><p>In order to be able to take into account a data lock any time, it is required to hold the data up for control purposes in a jamming file. If there is no legal compulsory archiving, you also can require the deletion of the data. Otherwise, if required, we lock the data provided.<\/p><h3><span style=\"color: #333399;\">7. Ch<\/span>ange of our Privacy Statement<\/h3><p>To ensure that our privacy statement always correspond to the current legal specifications, we reserve right for changes at any time. This also applies in case that the privacy statement must be adapted due to new or revised performances, for example new services. The new data protection explanation then is effective at your next visit on our offer.<\/p><h3><span style=\"color: #333399;\">8. <\/span>External Links<\/h3><p>It is possible that our pages also lead to contents of external operators or other enterprises. We do not have influence on the contents and the design of external web pages. Therefore, we cannot take on any liability for these external contents. The respective supplier or operator of these external sides is always responsible for the contents of the interlinked sides. The interlinked pages were checked for possible violations of law at the time of setting the link. Illegal contents were not recognizable at the time of the link.<\/p><h3><span style=\"color: #333399;\">9. <\/span>Use of YouTube services<\/h3><p>Our website uses plug-ins of the page YouTube, operated Google. Operator of these pages is YouTube, LLC, 901 Cherry Ave., San Bruno, CA 94066, USA. If you visit one of our pages equipped with a YouTube-Plugin, a connection to the servers is made by YouTube. The Youtube server will be informed on which of our sides you have visited. If you are logged in in your YouTube account, YouTube is enabled to assign your personal sufing behaviour directly to your personal provile. You can prevent this by logging off from your YouTube account.<\/p><p>Further information on dealing with user data you will find in the pricacy policy of YouTube: https:\/\/www.google.de\/intl\/de\/policies\/privacy<\/p><p>\u00a0<\/p>\t\t\t\t\t\t\t\t<\/div>\n\t\t\t\t<\/div>\n\t\t\t\t\t<\/div>\n\t\t<\/div>\n\t\t\t\t\t<\/div>\n\t\t<\/section>\n\t\t\t\t<\/div>\n\t\t","protected":false},"excerpt":{"rendered":"<p>Privacy Statement for Website www.ebus-cluster.com WSCON GmbH &amp; Co. KG is pleased about your visit on our Web pages. The protection of your personal data is an important concern for us and we kindly ask you to consider the following information:\u00a0Responsible party according to DSGVO: Stefan WetzsteinAlte Reichsstra\u00dfe 2D-86356 Neus\u00e4\u00df Email: info@wscon.de 1. Scope of [&hellip;]<\/p>\n","protected":false},"author":2,"featured_media":0,"parent":0,"menu_order":0,"comment_status":"closed","ping_status":"closed","template":"","meta":{"_acf_changed":false,"ngg_post_thumbnail":0,"footnotes":""},"class_list":["post-695","page","type-page","status-publish","hentry"],"acf":[],"_links":{"self":[{"href":"https:\/\/www.ebus-cluster.de\/en\/wp-json\/wp\/v2\/pages\/695","targetHints":{"allow":["GET"]}}],"collection":[{"href":"https:\/\/www.ebus-cluster.de\/en\/wp-json\/wp\/v2\/pages"}],"about":[{"href":"https:\/\/www.ebus-cluster.de\/en\/wp-json\/wp\/v2\/types\/page"}],"author":[{"embeddable":true,"href":"https:\/\/www.ebus-cluster.de\/en\/wp-json\/wp\/v2\/users\/2"}],"replies":[{"embeddable":true,"href":"https:\/\/www.ebus-cluster.de\/en\/wp-json\/wp\/v2\/comments?post=695"}],"version-history":[{"count":14,"href":"https:\/\/www.ebus-cluster.de\/en\/wp-json\/wp\/v2\/pages\/695\/revisions"}],"predecessor-version":[{"id":1075,"href":"https:\/\/www.ebus-cluster.de\/en\/wp-json\/wp\/v2\/pages\/695\/revisions\/1075"}],"wp:attachment":[{"href":"https:\/\/www.ebus-cluster.de\/en\/wp-json\/wp\/v2\/media?parent=695"}],"curies":[{"name":"wp","href":"https:\/\/api.w.org\/{rel}","templated":true}]}}