{"id":29,"date":"2017-10-04T13:26:27","date_gmt":"2017-10-04T11:26:27","guid":{"rendered":"http:\/\/ebus-cluster.de\/?page_id=29"},"modified":"2021-03-30T18:56:44","modified_gmt":"2021-03-30T16:56:44","slug":"impressum","status":"publish","type":"page","link":"https:\/\/www.ebus-cluster.de\/en\/impressum\/","title":{"rendered":"Imprint"},"content":{"rendered":"\t\t<div data-elementor-type=\"wp-page\" data-elementor-id=\"29\" class=\"elementor elementor-29\">\n\t\t\t\t\t\t<section class=\"elementor-section elementor-top-section elementor-element elementor-element-7f8e39b0 elementor-section-full_width elementor-section-height-default elementor-section-height-default\" data-id=\"7f8e39b0\" data-element_type=\"section\" data-e-type=\"section\">\n\t\t\t\t\t\t<div class=\"elementor-container elementor-column-gap-default\">\n\t\t\t\t\t<div class=\"elementor-column elementor-col-100 elementor-top-column elementor-element elementor-element-7472da0\" data-id=\"7472da0\" data-element_type=\"column\" data-e-type=\"column\">\n\t\t\t<div class=\"elementor-widget-wrap elementor-element-populated\">\n\t\t\t\t\t\t<div class=\"elementor-element elementor-element-51a5e4d8 elementor-widget elementor-widget-text-editor\" data-id=\"51a5e4d8\" data-element_type=\"widget\" data-e-type=\"widget\" data-widget_type=\"text-editor.default\">\n\t\t\t\t<div class=\"elementor-widget-container\">\n\t\t\t\t\t\t\t\t\t<p><\/p><p>According to \u00a7 5 TMG:<\/p><p>WSCON GmbH &amp; o. KG<br \/>Alte Reichsstra\u00dfe 2<br \/>D-86356 Neus\u00e4\u00df<\/p><p>Phone: +49 821 486675-21<br \/>Email: <a href=\"mailto:info@wscon.de\">info@wscon.de<\/a><\/p><p>Managing Director:<br \/>Stefan Wetzstein<\/p><p>Registered Office: Neus\u00e4\u00df<br \/>Registry Court Augsburg HRA 20137<br \/>VAT ID number: DE 328416836<\/p><p>General partner:<br \/>WSCON Verwaltung GmbH<br \/>Registered office: Neus\u00e4\u00df<br \/>Registery Court Augsburg HRB 34445<br \/>VAT ID number: DE32824821<\/p><h1><span style=\"color: #333399;\">Disclaimer:<\/span><\/h1><p>All content of this website has been created with the utmost care and will be maintained and updated to the best of our abilities. Nevertheless, the supplier of this web page does not take on any liability for the topicality, completeness and correctness of the provided sites and contents. The contents, pictures and information published on this web page are subject to the Germany copyright and<\/p><p>performance protective right. Every type of copy, processing, distribution, storage as well as the utilization beyond the confines of the copyright law requires the prior written consent of the corresponding right holder.<\/p><p>Unlicensed copying or saving of information provided on these websites is not allowed and punishable.<\/p><p>EU platform for dispute settlement:<\/p><p>Online dispute settlement according to Art. 14 (1) ODR-VO<\/p><p>The European commission provides a platform for online dispute settlement (OS), that you will find under <a href=\"https:\/\/ec.europa.eu\/consumers\/odr\/main\/?event=main.home2.show\">https:\/\/ec.europa.eu<\/a><\/p><div class=\"sep sectionseparator\">\u00a0<\/div><p><\/p>\t\t\t\t\t\t\t\t<\/div>\n\t\t\t\t<\/div>\n\t\t\t\t\t<\/div>\n\t\t<\/div>\n\t\t\t\t\t<\/div>\n\t\t<\/section>\n\t\t\t\t<section class=\"elementor-section elementor-top-section elementor-element elementor-element-e6063b9 elementor-section-boxed elementor-section-height-default elementor-section-height-default\" data-id=\"e6063b9\" data-element_type=\"section\" data-e-type=\"section\">\n\t\t\t\t\t\t<div class=\"elementor-container elementor-column-gap-default\">\n\t\t\t\t\t<div class=\"elementor-column elementor-col-100 elementor-top-column elementor-element elementor-element-9eacb44\" data-id=\"9eacb44\" data-element_type=\"column\" data-e-type=\"column\">\n\t\t\t<div class=\"elementor-widget-wrap elementor-element-populated\">\n\t\t\t\t\t\t\t<\/div>\n\t\t<\/div>\n\t\t\t\t\t<\/div>\n\t\t<\/section>\n\t\t\t\t<\/div>\n\t\t","protected":false},"excerpt":{"rendered":"<p>According to \u00a7 5 TMG: WSCON GmbH &amp; o. KGAlte Reichsstra\u00dfe 2D-86356 Neus\u00e4\u00df Phone: +49 821 486675-21Email: info@wscon.de Managing Director:Stefan Wetzstein Registered Office: Neus\u00e4\u00dfRegistry Court Augsburg HRA 20137VAT ID number: DE 328416836 General partner:WSCON Verwaltung GmbHRegistered office: Neus\u00e4\u00dfRegistery Court Augsburg HRB 34445VAT ID number: DE32824821 Disclaimer: All content of this website has been created with [&hellip;]<\/p>\n","protected":false},"author":1,"featured_media":0,"parent":0,"menu_order":0,"comment_status":"closed","ping_status":"closed","template":"","meta":{"_acf_changed":false,"ngg_post_thumbnail":0,"footnotes":""},"class_list":["post-29","page","type-page","status-publish","hentry"],"acf":[],"_links":{"self":[{"href":"https:\/\/www.ebus-cluster.de\/en\/wp-json\/wp\/v2\/pages\/29","targetHints":{"allow":["GET"]}}],"collection":[{"href":"https:\/\/www.ebus-cluster.de\/en\/wp-json\/wp\/v2\/pages"}],"about":[{"href":"https:\/\/www.ebus-cluster.de\/en\/wp-json\/wp\/v2\/types\/page"}],"author":[{"embeddable":true,"href":"https:\/\/www.ebus-cluster.de\/en\/wp-json\/wp\/v2\/users\/1"}],"replies":[{"embeddable":true,"href":"https:\/\/www.ebus-cluster.de\/en\/wp-json\/wp\/v2\/comments?post=29"}],"version-history":[{"count":14,"href":"https:\/\/www.ebus-cluster.de\/en\/wp-json\/wp\/v2\/pages\/29\/revisions"}],"predecessor-version":[{"id":1029,"href":"https:\/\/www.ebus-cluster.de\/en\/wp-json\/wp\/v2\/pages\/29\/revisions\/1029"}],"wp:attachment":[{"href":"https:\/\/www.ebus-cluster.de\/en\/wp-json\/wp\/v2\/media?parent=29"}],"curies":[{"name":"wp","href":"https:\/\/api.w.org\/{rel}","templated":true}]}}