{"id":2,"date":"2017-10-04T11:36:12","date_gmt":"2017-10-04T09:36:12","guid":{"rendered":"http:\/\/ebus-cluster.de\/?page_id=2"},"modified":"2021-04-08T14:59:30","modified_gmt":"2021-04-08T12:59:30","slug":"home","status":"publish","type":"page","link":"https:\/\/www.ebus-cluster.de\/en\/","title":{"rendered":"Start-Seite"},"content":{"rendered":"\t\t<div data-elementor-type=\"wp-page\" data-elementor-id=\"2\" class=\"elementor elementor-2\">\n\t\t\t\t\t\t<section class=\"elementor-section elementor-top-section elementor-element elementor-element-6f6ed876 elementor-section-boxed elementor-section-height-default elementor-section-height-default\" data-id=\"6f6ed876\" data-element_type=\"section\" data-e-type=\"section\">\n\t\t\t\t\t\t<div class=\"elementor-container elementor-column-gap-default\">\n\t\t\t\t\t<div class=\"elementor-column elementor-col-100 elementor-top-column elementor-element elementor-element-50ca8518\" data-id=\"50ca8518\" data-element_type=\"column\" data-e-type=\"column\">\n\t\t\t<div class=\"elementor-widget-wrap elementor-element-populated\">\n\t\t\t\t\t\t<div class=\"elementor-element elementor-element-7f2ac489 elementor-widget elementor-widget-text-editor\" data-id=\"7f2ac489\" data-element_type=\"widget\" data-e-type=\"widget\" data-widget_type=\"text-editor.default\">\n\t\t\t\t<div class=\"elementor-widget-container\">\n\t\t\t\t\t\t\t\t\t<p><\/p><div class=\"carousel\"><div id=\"metaslider-id-237\" style=\"width: 100%;\" class=\"ml-slider-3-108-0 metaslider metaslider-flex metaslider-237 ml-slider has-dots-nav ms-theme-default\" role=\"region\" aria-label=\"StartSeiteDE\" data-height=\"300\" data-width=\"700\">\n    <div id=\"metaslider_container_237\">\n        <div id=\"metaslider_237\">\n            <ul class='slides'>\n                <li style=\"display: block; width: 100%;\" class=\"slide-449 ms-image \" aria-roledescription=\"slide\" data-date=\"2017-10-13 16:11:34\" data-filename=\"01_eBus_Cluster_DMS1300-e1617103128182.png\" data-slide-type=\"image\"><img fetchpriority=\"high\" decoding=\"async\" width=\"1300\" height=\"815\" src=\"https:\/\/www.ebus-cluster.de\/wp-content\/uploads\/2017\/10\/01_eBus_Cluster_DMS1300-e1617103128182.png\" class=\"slider-237 slide-449 msDefaultImage\" alt=\"\" rel=\"\" title=\"\" srcset=\"https:\/\/www.ebus-cluster.de\/wp-content\/uploads\/2017\/10\/01_eBus_Cluster_DMS1300-e1617103128182.png 1300w, https:\/\/www.ebus-cluster.de\/wp-content\/uploads\/2017\/10\/01_eBus_Cluster_DMS1300-e1617103128182-300x188.png 300w, https:\/\/www.ebus-cluster.de\/wp-content\/uploads\/2017\/10\/01_eBus_Cluster_DMS1300-e1617103128182-768x481.png 768w, https:\/\/www.ebus-cluster.de\/wp-content\/uploads\/2017\/10\/01_eBus_Cluster_DMS1300-e1617103128182-1024x642.png 1024w\" sizes=\"(max-width: 1300px) 100vw, 1300px\" \/><div class=\"caption-wrap\"><div class=\"caption\"><h1>Interaktive Systeme zur Optimierung der Energieeffizienz<\/h1>\nUm Klima und Ressourcen zu schonen, muss  energieeffiziente und umweltvertr\u00e4gliche Mobilit\u00e4t mit zeitgem\u00e4\u00dfem Komfort und h\u00f6chster Sicherheit erm\u00f6glicht werden.<\/div><\/div><\/li>\n                <li style=\"display: none; width: 100%;\" class=\"slide-446 ms-image \" aria-roledescription=\"slide\" data-date=\"2017-10-13 16:10:23\" data-filename=\"03_eBus_Cluster_DMS1300-e1617103213706.png\" data-slide-type=\"image\"><img decoding=\"async\" width=\"1300\" height=\"806\" src=\"https:\/\/www.ebus-cluster.de\/wp-content\/uploads\/2017\/10\/03_eBus_Cluster_DMS1300-e1617103213706.png\" class=\"slider-237 slide-446 msDefaultImage\" alt=\"\" rel=\"\" title=\"\" srcset=\"https:\/\/www.ebus-cluster.de\/wp-content\/uploads\/2017\/10\/03_eBus_Cluster_DMS1300-e1617103213706.png 1300w, https:\/\/www.ebus-cluster.de\/wp-content\/uploads\/2017\/10\/03_eBus_Cluster_DMS1300-e1617103213706-300x186.png 300w, https:\/\/www.ebus-cluster.de\/wp-content\/uploads\/2017\/10\/03_eBus_Cluster_DMS1300-e1617103213706-768x476.png 768w, https:\/\/www.ebus-cluster.de\/wp-content\/uploads\/2017\/10\/03_eBus_Cluster_DMS1300-e1617103213706-1024x635.png 1024w\" sizes=\"(max-width: 1300px) 100vw, 1300px\" \/><div class=\"caption-wrap\"><div class=\"caption\"><h1>Unser Ziel<\/h1>\nDas eBus-Cluster hat das Ziel, die Gesamteffizienz elektrisch angetriebene Busse zu steigern und gleichzeitig den Komfort und Sicherheit der eBusse zu erh\u00f6hen. <\/div><\/div><\/li>\n                <li style=\"display: none; width: 100%;\" class=\"slide-441 ms-image \" aria-roledescription=\"slide\" data-date=\"2017-10-13 16:05:47\" data-filename=\"07_eBus_Cluster_DMS1300-e1617103228527.png\" data-slide-type=\"image\"><img decoding=\"async\" width=\"1300\" height=\"802\" src=\"https:\/\/www.ebus-cluster.de\/wp-content\/uploads\/2017\/10\/07_eBus_Cluster_DMS1300-e1617103228527.png\" class=\"slider-237 slide-441 msDefaultImage\" alt=\"\" rel=\"\" title=\"\" srcset=\"https:\/\/www.ebus-cluster.de\/wp-content\/uploads\/2017\/10\/07_eBus_Cluster_DMS1300-e1617103228527.png 1300w, https:\/\/www.ebus-cluster.de\/wp-content\/uploads\/2017\/10\/07_eBus_Cluster_DMS1300-e1617103228527-300x185.png 300w, https:\/\/www.ebus-cluster.de\/wp-content\/uploads\/2017\/10\/07_eBus_Cluster_DMS1300-e1617103228527-768x474.png 768w, https:\/\/www.ebus-cluster.de\/wp-content\/uploads\/2017\/10\/07_eBus_Cluster_DMS1300-e1617103228527-1024x632.png 1024w\" sizes=\"(max-width: 1300px) 100vw, 1300px\" \/><div class=\"caption-wrap\"><div class=\"caption\"><h1>Unsere L\u00f6sung<\/h1>\nWir entwickeln nachhaltige Systeml\u00f6sungen, die Elektrobussen im Linienverkehr leistungsf\u00e4hig, komfortabel und sicher machen:\nDurch die Vernetzung unserer innovativer Systeme zu einem ganzheitlichen, energiesparenden und intelligenten System<\/div><\/div><\/li>\n            <\/ul>\n        <\/div>\n        \n    <\/div>\n<\/div><\/div><p><\/p><div id=\"gtx-trans\" style=\"position: absolute; left: -34px; top: 78px;\"><div class=\"gtx-trans-icon\">\u00a0<\/div><\/div>\t\t\t\t\t\t\t\t<\/div>\n\t\t\t\t<\/div>\n\t\t\t\t\t<\/div>\n\t\t<\/div>\n\t\t\t\t\t<\/div>\n\t\t<\/section>\n\t\t\t\t<\/div>\n\t\t","protected":false},"excerpt":{"rendered":"","protected":false},"author":1,"featured_media":0,"parent":0,"menu_order":0,"comment_status":"closed","ping_status":"closed","template":"","meta":{"_acf_changed":false,"ngg_post_thumbnail":0,"footnotes":""},"class_list":["post-2","page","type-page","status-publish","hentry"],"acf":[],"_links":{"self":[{"href":"https:\/\/www.ebus-cluster.de\/en\/wp-json\/wp\/v2\/pages\/2","targetHints":{"allow":["GET"]}}],"collection":[{"href":"https:\/\/www.ebus-cluster.de\/en\/wp-json\/wp\/v2\/pages"}],"about":[{"href":"https:\/\/www.ebus-cluster.de\/en\/wp-json\/wp\/v2\/types\/page"}],"author":[{"embeddable":true,"href":"https:\/\/www.ebus-cluster.de\/en\/wp-json\/wp\/v2\/users\/1"}],"replies":[{"embeddable":true,"href":"https:\/\/www.ebus-cluster.de\/en\/wp-json\/wp\/v2\/comments?post=2"}],"version-history":[{"count":37,"href":"https:\/\/www.ebus-cluster.de\/en\/wp-json\/wp\/v2\/pages\/2\/revisions"}],"predecessor-version":[{"id":1196,"href":"https:\/\/www.ebus-cluster.de\/en\/wp-json\/wp\/v2\/pages\/2\/revisions\/1196"}],"wp:attachment":[{"href":"https:\/\/www.ebus-cluster.de\/en\/wp-json\/wp\/v2\/media?parent=2"}],"curies":[{"name":"wp","href":"https:\/\/api.w.org\/{rel}","templated":true}]}}